{"id":362,"date":"2023-04-28T11:38:47","date_gmt":"2023-04-28T09:38:47","guid":{"rendered":"https:\/\/majastanisic.co\/wp\/?page_id=362"},"modified":"2023-05-06T12:37:04","modified_gmt":"2023-05-06T10:37:04","slug":"about","status":"publish","type":"page","link":"https:\/\/majastanisic.co\/index.php\/about\/","title":{"rendered":"About"},"content":{"rendered":"<p>[vc_row][vc_column width=&#8220;1\/2&#8243;][vc_single_image image=&#8220;364&#8243; img_size=&#8220;full&#8220;][\/vc_column][vc_column width=&#8220;1\/2&#8243;][vc_column_text]<span style=\"font-weight: 400;\">Oduvek je znala da \u0107e umetnost biti veliki deo njenog \u017eivota, ali umesto na slikarskom platnu, Maja Stani\u0161i\u0107 je odlu\u010dila da \u010daroliju stvara na kosi i tako je ovaj poziv postao jedna od njenih najve\u0107ih ljubavi. Kreativna, precizna i strastvena u svom zanatu, uspela je da se establira kao jedan od najuspe\u0161nijih <\/span><i><span style=\"font-weight: 400;\">hair stylista<\/span><\/i><span style=\"font-weight: 400;\"> u regionu ali i van njegovih granica.<\/span><\/p>\n<p><span style=\"font-weight: 400;\">Nakon svoje mladala\u010dke karijere u Herceg Novom, pre dvadeset godina Maja odlu\u010duje da se preseli u Beograd gde otvara svoj salon koji postaje njena oaza u svakom smislu, ali i oaza svih onih koji su ikada kro\u010dili u njega. Nekoliko godina kasnije, njeno iskustvo i ume\u0107e po\u010delo je da se prenosi i na modni svet i na modnu fotografiju, gde njen rad postaje prepoznat i priznat od strane velikih svetski poznatih brendova. Pa tako, njena karijera bele\u017ei saradnje sa brendom Gucci, ali i sa brendom Dolce&amp;Gabbana sa kojima je imala priliku da svoj rad predstavi na Nedelji mode u Milanu.\u00a0<\/span><\/p>\n<p><span style=\"font-weight: 400;\">Kako je njen talent postao sve vidljiviji, Majina karijera i u Srbiji do\u017eivljava potpuni uspon, te zbog toga zaslu\u017eno postaje najpriznatiji hairstyle expert na na\u0161im prostorima. Saradnje sa mnogim doma\u0107im poznatim li\u010dnostima i brendovima postali su njena svakodnevnica, dok se njen rad nalazi i na mnogim naslovnim stranama, fashion i beauty editorijalima u najpresti\u017enijim magazinima kao \u0161to su <\/span><i><span style=\"font-weight: 400;\">Elle<\/span><\/i><span style=\"font-weight: 400;\">, <\/span><i><span style=\"font-weight: 400;\">Harper&#8217;s Bazaar<\/span><\/i><span style=\"font-weight: 400;\">, <\/span><i><span style=\"font-weight: 400;\">Cosmopolitan, Grazia<\/span><\/i><span style=\"font-weight: 400;\"> i mnogi drugi.\u00a0<\/span><\/p>\n<p><span style=\"font-weight: 400;\">Danas, svoje ve\u0161tine i znanje pripisuje predanom radu koji je iz godine u godinu usavr\u0161avala i nadogra\u0111ivala. Konstantnu inspiraciju pronalazi u svim svojim klijentima, koji su oduvek bili najbitniji deo njenog karijernog puta. Posebno voli da istakne koliko je ponosna na svoj tim sa kojim svakodnevno stvara magiju. Nakon sedam godina saradnje sa italijanskim brendom Loft Parrucchieri, 2023. godine Maja Stani\u0161i\u0107 odlu\u010duje da pozicionira svoj brend i da svoj kreativni put nastavi samostalno <\/span>[\/vc_column_text][\/vc_column][\/vc_row]<\/p>\n","protected":false},"excerpt":{"rendered":"<p>[vc_row][vc_column width=&#8220;1\/2&#8243;][vc_single_image image=&#8220;364&#8243; img_size=&#8220;full&#8220;][\/vc_column][vc_column width=&#8220;1\/2&#8243;][vc_column_text]Oduvek je znala da \u0107e umetnost biti veliki deo njenog \u017eivota, ali umesto na slikarskom platnu, &#8230;<\/p>\n","protected":false},"author":1,"featured_media":0,"parent":0,"menu_order":0,"comment_status":"closed","ping_status":"closed","template":"","meta":{"footnotes":""},"class_list":["post-362","page","type-page","status-publish","hentry"],"yoast_head":"<!-- This site is optimized with the Yoast SEO plugin v20.5 - https:\/\/yoast.com\/wordpress\/plugins\/seo\/ -->\n<title>About - Maja Stani\u0161i\u0107<\/title>\n<meta name=\"robots\" content=\"index, follow, max-snippet:-1, max-image-preview:large, max-video-preview:-1\" \/>\n<link rel=\"canonical\" href=\"http:\/\/majastanisic.co\/index.php\/about\/\" \/>\n<meta property=\"og:locale\" content=\"sr_RS\" \/>\n<meta property=\"og:type\" content=\"article\" \/>\n<meta property=\"og:title\" content=\"About - Maja Stani\u0161i\u0107\" \/>\n<meta property=\"og:description\" content=\"[vc_row][vc_column width=&#8220;1\/2&#8243;][vc_single_image image=&#8220;364&#8243; img_size=&#8220;full&#8220;][\/vc_column][vc_column width=&#8220;1\/2&#8243;][vc_column_text]Oduvek je znala da \u0107e umetnost biti veliki deo njenog \u017eivota, ali umesto na slikarskom platnu, ...\" \/>\n<meta property=\"og:url\" content=\"http:\/\/majastanisic.co\/index.php\/about\/\" \/>\n<meta property=\"og:site_name\" content=\"Maja Stani\u0161i\u0107\" \/>\n<meta property=\"article:modified_time\" content=\"2023-05-06T10:37:04+00:00\" \/>\n<meta name=\"twitter:card\" content=\"summary_large_image\" \/>\n<meta name=\"twitter:label1\" content=\"\u041f\u0440\u043e\u0446\u0435\u045a\u0435\u043d\u043e \u0432\u0440\u0435\u043c\u0435 \u0447\u0438\u0442\u0430\u045a\u0430\" \/>\n\t<meta name=\"twitter:data1\" content=\"2 \u043c\u0438\u043d\u0443\u0442\u0430\" \/>\n<script type=\"application\/ld+json\" class=\"yoast-schema-graph\">{\"@context\":\"https:\/\/schema.org\",\"@graph\":[{\"@type\":\"WebPage\",\"@id\":\"http:\/\/majastanisic.co\/index.php\/about\/\",\"url\":\"http:\/\/majastanisic.co\/index.php\/about\/\",\"name\":\"About - Maja Stani\u0161i\u0107\",\"isPartOf\":{\"@id\":\"http:\/\/majastanisic.co\/#website\"},\"datePublished\":\"2023-04-28T09:38:47+00:00\",\"dateModified\":\"2023-05-06T10:37:04+00:00\",\"breadcrumb\":{\"@id\":\"http:\/\/majastanisic.co\/index.php\/about\/#breadcrumb\"},\"inLanguage\":\"sr-RS\",\"potentialAction\":[{\"@type\":\"ReadAction\",\"target\":[\"http:\/\/majastanisic.co\/index.php\/about\/\"]}]},{\"@type\":\"BreadcrumbList\",\"@id\":\"http:\/\/majastanisic.co\/index.php\/about\/#breadcrumb\",\"itemListElement\":[{\"@type\":\"ListItem\",\"position\":1,\"name\":\"\u041f\u043e\u0447\u0435\u0442\u043d\u0430\",\"item\":\"http:\/\/majastanisic.co\/\"},{\"@type\":\"ListItem\",\"position\":2,\"name\":\"About\"}]},{\"@type\":\"WebSite\",\"@id\":\"http:\/\/majastanisic.co\/#website\",\"url\":\"http:\/\/majastanisic.co\/\",\"name\":\"Maja Stani\u0161i\u0107\",\"description\":\"\",\"potentialAction\":[{\"@type\":\"SearchAction\",\"target\":{\"@type\":\"EntryPoint\",\"urlTemplate\":\"http:\/\/majastanisic.co\/?s={search_term_string}\"},\"query-input\":\"required name=search_term_string\"}],\"inLanguage\":\"sr-RS\"}]}<\/script>\n<!-- \/ Yoast SEO plugin. -->","yoast_head_json":{"title":"About - Maja Stani\u0161i\u0107","robots":{"index":"index","follow":"follow","max-snippet":"max-snippet:-1","max-image-preview":"max-image-preview:large","max-video-preview":"max-video-preview:-1"},"canonical":"http:\/\/majastanisic.co\/index.php\/about\/","og_locale":"sr_RS","og_type":"article","og_title":"About - Maja Stani\u0161i\u0107","og_description":"[vc_row][vc_column width=&#8220;1\/2&#8243;][vc_single_image image=&#8220;364&#8243; img_size=&#8220;full&#8220;][\/vc_column][vc_column width=&#8220;1\/2&#8243;][vc_column_text]Oduvek je znala da \u0107e umetnost biti veliki deo njenog \u017eivota, ali umesto na slikarskom platnu, ...","og_url":"http:\/\/majastanisic.co\/index.php\/about\/","og_site_name":"Maja Stani\u0161i\u0107","article_modified_time":"2023-05-06T10:37:04+00:00","twitter_card":"summary_large_image","twitter_misc":{"\u041f\u0440\u043e\u0446\u0435\u045a\u0435\u043d\u043e \u0432\u0440\u0435\u043c\u0435 \u0447\u0438\u0442\u0430\u045a\u0430":"2 \u043c\u0438\u043d\u0443\u0442\u0430"},"schema":{"@context":"https:\/\/schema.org","@graph":[{"@type":"WebPage","@id":"http:\/\/majastanisic.co\/index.php\/about\/","url":"http:\/\/majastanisic.co\/index.php\/about\/","name":"About - Maja Stani\u0161i\u0107","isPartOf":{"@id":"http:\/\/majastanisic.co\/#website"},"datePublished":"2023-04-28T09:38:47+00:00","dateModified":"2023-05-06T10:37:04+00:00","breadcrumb":{"@id":"http:\/\/majastanisic.co\/index.php\/about\/#breadcrumb"},"inLanguage":"sr-RS","potentialAction":[{"@type":"ReadAction","target":["http:\/\/majastanisic.co\/index.php\/about\/"]}]},{"@type":"BreadcrumbList","@id":"http:\/\/majastanisic.co\/index.php\/about\/#breadcrumb","itemListElement":[{"@type":"ListItem","position":1,"name":"\u041f\u043e\u0447\u0435\u0442\u043d\u0430","item":"http:\/\/majastanisic.co\/"},{"@type":"ListItem","position":2,"name":"About"}]},{"@type":"WebSite","@id":"http:\/\/majastanisic.co\/#website","url":"http:\/\/majastanisic.co\/","name":"Maja Stani\u0161i\u0107","description":"","potentialAction":[{"@type":"SearchAction","target":{"@type":"EntryPoint","urlTemplate":"http:\/\/majastanisic.co\/?s={search_term_string}"},"query-input":"required name=search_term_string"}],"inLanguage":"sr-RS"}]}},"_links":{"self":[{"href":"https:\/\/majastanisic.co\/index.php\/wp-json\/wp\/v2\/pages\/362","targetHints":{"allow":["GET"]}}],"collection":[{"href":"https:\/\/majastanisic.co\/index.php\/wp-json\/wp\/v2\/pages"}],"about":[{"href":"https:\/\/majastanisic.co\/index.php\/wp-json\/wp\/v2\/types\/page"}],"author":[{"embeddable":true,"href":"https:\/\/majastanisic.co\/index.php\/wp-json\/wp\/v2\/users\/1"}],"replies":[{"embeddable":true,"href":"https:\/\/majastanisic.co\/index.php\/wp-json\/wp\/v2\/comments?post=362"}],"version-history":[{"count":5,"href":"https:\/\/majastanisic.co\/index.php\/wp-json\/wp\/v2\/pages\/362\/revisions"}],"predecessor-version":[{"id":380,"href":"https:\/\/majastanisic.co\/index.php\/wp-json\/wp\/v2\/pages\/362\/revisions\/380"}],"wp:attachment":[{"href":"https:\/\/majastanisic.co\/index.php\/wp-json\/wp\/v2\/media?parent=362"}],"curies":[{"name":"wp","href":"https:\/\/api.w.org\/{rel}","templated":true}]}}