{"id":4,"date":"2015-08-04T05:59:28","date_gmt":"2015-08-04T05:59:28","guid":{"rendered":"http:\/\/demo.themeton.com\/acerola\/?page_id=4"},"modified":"2023-04-28T15:33:44","modified_gmt":"2023-04-28T13:33:44","slug":"home-page","status":"publish","type":"page","link":"https:\/\/majastanisic.co\/","title":{"rendered":"Home"},"content":{"rendered":"<p>[vc_row vc_row_overlay=&#8220;no&#8220; vc_row_overlay_color=&#8220;&#8220; vc_row_overlay_alpha=&#8220;&#8220;][vc_column width=&#8220;1\/3&#8243;][vc_column_text]<\/p>\n<h3 class=\"my-caption\">ABOUT<\/h3>\n<p>[\/vc_column_text][\/vc_column][vc_column width=&#8220;1\/3&#8243;][vc_column_text]Oduvek je znala da \u0107e umetnost biti veliki deo njenog \u017eivota, ali umesto na slikarskom platnu, Maja Stani\u0161i\u0107 je odlu\u010dila da \u010daroliju stvara na kosi i tako je ovaj poziv postao jedna od njenih najve\u0107ih ljubavi. Kreativna, precizna i strastvena u svom zanatu, uspela je da se establira kao jedan od najuspe\u0161nijih hair stylista u regionu ali i van njegovih granica.[\/vc_column_text][\/vc_column][vc_column width=&#8220;1\/3&#8243;][vc_column_text]Danas, svoje ve\u0161tine i znanje prepisuje svom predanom radu koji se iz godine u godinu nadogra\u0111ivao, a konstantnu inspiraciju pronalazi u svim svojim klijentima koji su oduvek bili jako bitan deo njenog karijernog puta, dok posebno voli da istakne i koliko je ponosna na svoj tim sa kojim stvara magiju. Tako\u0111e, nakon sedam godina saradnje sa italijanskim brendom Loft Parrucchieri, 2023. godine Maja Stani\u0161i\u0107 odlu\u010duje da pozicionira svoj brend i da svoj kreativni put nastavi samostalno.<br \/>\n<a href=\"https:\/\/majastanisic.co\/index.php\/about\/\">Pogledaj vi\u0161e<\/a>[\/vc_column_text][\/vc_column][\/vc_row][vc_row vc_row_overlay=&#8220;no&#8220; vc_row_overlay_color=&#8220;&#8220; vc_row_overlay_alpha=&#8220;&#8220; el_id=&#8220;portfolio&#8220; css=&#8220;.vc_custom_1682337714376{margin-top: 3% !important;}&#8220;][vc_column][vc_column_text]<\/p>\n<h3 class=\"my-caption\" style=\"text-align: center;\">PORTFOLIO<\/h3>\n<p>[\/vc_column_text][tt_portfolio count=&#8220;30&#8243; filter=&#8220;0&#8243; masonry=&#8220;yes&#8220;][\/vc_column][\/vc_row]<\/p>\n","protected":false},"excerpt":{"rendered":"<p>[vc_row vc_row_overlay=&#8220;no&#8220; vc_row_overlay_color=&#8220;&#8220; vc_row_overlay_alpha=&#8220;&#8220;][vc_column width=&#8220;1\/3&#8243;][vc_column_text] ABOUT [\/vc_column_text][\/vc_column][vc_column width=&#8220;1\/3&#8243;][vc_column_text]Oduvek je znala da \u0107e umetnost biti veliki deo njenog \u017eivota, ali umesto &#8230;<\/p>\n","protected":false},"author":1,"featured_media":0,"parent":0,"menu_order":0,"comment_status":"closed","ping_status":"closed","template":"","meta":{"footnotes":""},"class_list":["post-4","page","type-page","status-publish","hentry"],"yoast_head":"<!-- This site is optimized with the Yoast SEO plugin v20.5 - https:\/\/yoast.com\/wordpress\/plugins\/seo\/ -->\n<title>MAJA STANI\u0160I\u0106 HAIRSTYLE EXPERT<\/title>\n<meta name=\"robots\" content=\"index, follow, max-snippet:-1, max-image-preview:large, max-video-preview:-1\" \/>\n<link rel=\"canonical\" href=\"http:\/\/majastanisic.co\/\" \/>\n<meta property=\"og:locale\" content=\"sr_RS\" \/>\n<meta property=\"og:type\" content=\"article\" \/>\n<meta property=\"og:title\" content=\"MAJA STANI\u0160I\u0106 HAIRSTYLE EXPERT\" \/>\n<meta property=\"og:description\" content=\"[vc_row vc_row_overlay=&#8220;no&#8220; vc_row_overlay_color=&#8220;&#8220; vc_row_overlay_alpha=&#8220;&#8220;][vc_column width=&#8220;1\/3&#8243;][vc_column_text] ABOUT [\/vc_column_text][\/vc_column][vc_column width=&#8220;1\/3&#8243;][vc_column_text]Oduvek je znala da \u0107e umetnost biti veliki deo njenog \u017eivota, ali umesto ...\" \/>\n<meta property=\"og:url\" content=\"http:\/\/majastanisic.co\/\" \/>\n<meta property=\"og:site_name\" content=\"Maja Stani\u0161i\u0107\" \/>\n<meta property=\"article:modified_time\" content=\"2023-04-28T13:33:44+00:00\" \/>\n<meta property=\"og:image\" content=\"http:\/\/majastanisic.co\/wp-content\/uploads\/2023\/04\/maja-stanisic-scaled.jpg\" \/>\n\t<meta property=\"og:image:width\" content=\"1707\" \/>\n\t<meta property=\"og:image:height\" content=\"2560\" \/>\n\t<meta property=\"og:image:type\" content=\"image\/jpeg\" \/>\n<meta name=\"twitter:card\" content=\"summary_large_image\" \/>\n<meta name=\"twitter:image\" content=\"https:\/\/majastanisic.co\/wp-content\/uploads\/2023\/04\/maja-stanisic-scaled.jpg\" \/>\n<meta name=\"twitter:label1\" content=\"\u041f\u0440\u043e\u0446\u0435\u045a\u0435\u043d\u043e \u0432\u0440\u0435\u043c\u0435 \u0447\u0438\u0442\u0430\u045a\u0430\" \/>\n\t<meta name=\"twitter:data1\" content=\"1 \u043c\u0438\u043d\u0443\u0442\" \/>\n<script type=\"application\/ld+json\" class=\"yoast-schema-graph\">{\"@context\":\"https:\/\/schema.org\",\"@graph\":[{\"@type\":\"WebPage\",\"@id\":\"http:\/\/majastanisic.co\/\",\"url\":\"http:\/\/majastanisic.co\/\",\"name\":\"MAJA STANI\u0160I\u0106 HAIRSTYLE EXPERT\",\"isPartOf\":{\"@id\":\"http:\/\/majastanisic.co\/#website\"},\"datePublished\":\"2015-08-04T05:59:28+00:00\",\"dateModified\":\"2023-04-28T13:33:44+00:00\",\"breadcrumb\":{\"@id\":\"http:\/\/majastanisic.co\/#breadcrumb\"},\"inLanguage\":\"sr-RS\",\"potentialAction\":[{\"@type\":\"ReadAction\",\"target\":[\"http:\/\/majastanisic.co\/\"]}]},{\"@type\":\"BreadcrumbList\",\"@id\":\"http:\/\/majastanisic.co\/#breadcrumb\",\"itemListElement\":[{\"@type\":\"ListItem\",\"position\":1,\"name\":\"\u041f\u043e\u0447\u0435\u0442\u043d\u0430\",\"item\":\"http:\/\/majastanisic.co\/\"},{\"@type\":\"ListItem\",\"position\":2,\"name\":\"Home\"}]},{\"@type\":\"WebSite\",\"@id\":\"http:\/\/majastanisic.co\/#website\",\"url\":\"http:\/\/majastanisic.co\/\",\"name\":\"Maja Stani\u0161i\u0107\",\"description\":\"\",\"potentialAction\":[{\"@type\":\"SearchAction\",\"target\":{\"@type\":\"EntryPoint\",\"urlTemplate\":\"http:\/\/majastanisic.co\/?s={search_term_string}\"},\"query-input\":\"required name=search_term_string\"}],\"inLanguage\":\"sr-RS\"}]}<\/script>\n<!-- \/ Yoast SEO plugin. -->","yoast_head_json":{"title":"MAJA STANI\u0160I\u0106 HAIRSTYLE EXPERT","robots":{"index":"index","follow":"follow","max-snippet":"max-snippet:-1","max-image-preview":"max-image-preview:large","max-video-preview":"max-video-preview:-1"},"canonical":"http:\/\/majastanisic.co\/","og_locale":"sr_RS","og_type":"article","og_title":"MAJA STANI\u0160I\u0106 HAIRSTYLE EXPERT","og_description":"[vc_row vc_row_overlay=&#8220;no&#8220; vc_row_overlay_color=&#8220;&#8220; vc_row_overlay_alpha=&#8220;&#8220;][vc_column width=&#8220;1\/3&#8243;][vc_column_text] ABOUT [\/vc_column_text][\/vc_column][vc_column width=&#8220;1\/3&#8243;][vc_column_text]Oduvek je znala da \u0107e umetnost biti veliki deo njenog \u017eivota, ali umesto ...","og_url":"http:\/\/majastanisic.co\/","og_site_name":"Maja Stani\u0161i\u0107","article_modified_time":"2023-04-28T13:33:44+00:00","og_image":[{"width":1707,"height":2560,"url":"http:\/\/majastanisic.co\/wp-content\/uploads\/2023\/04\/maja-stanisic-scaled.jpg","type":"image\/jpeg"}],"twitter_card":"summary_large_image","twitter_image":"https:\/\/majastanisic.co\/wp-content\/uploads\/2023\/04\/maja-stanisic-scaled.jpg","twitter_misc":{"\u041f\u0440\u043e\u0446\u0435\u045a\u0435\u043d\u043e \u0432\u0440\u0435\u043c\u0435 \u0447\u0438\u0442\u0430\u045a\u0430":"1 \u043c\u0438\u043d\u0443\u0442"},"schema":{"@context":"https:\/\/schema.org","@graph":[{"@type":"WebPage","@id":"http:\/\/majastanisic.co\/","url":"http:\/\/majastanisic.co\/","name":"MAJA STANI\u0160I\u0106 HAIRSTYLE EXPERT","isPartOf":{"@id":"http:\/\/majastanisic.co\/#website"},"datePublished":"2015-08-04T05:59:28+00:00","dateModified":"2023-04-28T13:33:44+00:00","breadcrumb":{"@id":"http:\/\/majastanisic.co\/#breadcrumb"},"inLanguage":"sr-RS","potentialAction":[{"@type":"ReadAction","target":["http:\/\/majastanisic.co\/"]}]},{"@type":"BreadcrumbList","@id":"http:\/\/majastanisic.co\/#breadcrumb","itemListElement":[{"@type":"ListItem","position":1,"name":"\u041f\u043e\u0447\u0435\u0442\u043d\u0430","item":"http:\/\/majastanisic.co\/"},{"@type":"ListItem","position":2,"name":"Home"}]},{"@type":"WebSite","@id":"http:\/\/majastanisic.co\/#website","url":"http:\/\/majastanisic.co\/","name":"Maja Stani\u0161i\u0107","description":"","potentialAction":[{"@type":"SearchAction","target":{"@type":"EntryPoint","urlTemplate":"http:\/\/majastanisic.co\/?s={search_term_string}"},"query-input":"required name=search_term_string"}],"inLanguage":"sr-RS"}]}},"_links":{"self":[{"href":"https:\/\/majastanisic.co\/index.php\/wp-json\/wp\/v2\/pages\/4","targetHints":{"allow":["GET"]}}],"collection":[{"href":"https:\/\/majastanisic.co\/index.php\/wp-json\/wp\/v2\/pages"}],"about":[{"href":"https:\/\/majastanisic.co\/index.php\/wp-json\/wp\/v2\/types\/page"}],"author":[{"embeddable":true,"href":"https:\/\/majastanisic.co\/index.php\/wp-json\/wp\/v2\/users\/1"}],"replies":[{"embeddable":true,"href":"https:\/\/majastanisic.co\/index.php\/wp-json\/wp\/v2\/comments?post=4"}],"version-history":[{"count":17,"href":"https:\/\/majastanisic.co\/index.php\/wp-json\/wp\/v2\/pages\/4\/revisions"}],"predecessor-version":[{"id":373,"href":"https:\/\/majastanisic.co\/index.php\/wp-json\/wp\/v2\/pages\/4\/revisions\/373"}],"wp:attachment":[{"href":"https:\/\/majastanisic.co\/index.php\/wp-json\/wp\/v2\/media?parent=4"}],"curies":[{"name":"wp","href":"https:\/\/api.w.org\/{rel}","templated":true}]}}